{"id":234,"date":"2023-11-07T02:15:11","date_gmt":"2023-11-07T02:15:11","guid":{"rendered":"https:\/\/hdisys.eu\/about-us\/"},"modified":"2025-03-25T18:58:34","modified_gmt":"2025-03-25T18:58:34","slug":"about-us","status":"publish","type":"page","link":"https:\/\/hdisys.eu\/cs\/about-us\/","title":{"rendered":"O n\u00e1s"},"content":{"rendered":"<div data-elementor-type=\"wp-page\" data-elementor-id=\"234\" class=\"elementor elementor-234\" data-elementor-post-type=\"page\">\n\t\t\t\t<div class=\"elementor-element elementor-element-748295a2 e-con-full e-flex e-con e-parent\" data-id=\"748295a2\" data-element_type=\"container\" data-e-type=\"container\">\n\t\t<div class=\"elementor-element elementor-element-4636e11d e-con-full e-flex e-con e-child\" data-id=\"4636e11d\" data-element_type=\"container\" data-e-type=\"container\">\n\t\t<div class=\"elementor-element elementor-element-5e89f7dd e-con-full e-flex e-con e-child\" data-id=\"5e89f7dd\" data-element_type=\"container\" data-e-type=\"container\">\n\t\t\t\t<div class=\"elementor-element elementor-element-7b1c6b4e elementor-invisible elementor-widget elementor-widget-heading\" data-id=\"7b1c6b4e\" data-element_type=\"widget\" data-e-type=\"widget\" data-settings=\"{&quot;_animation&quot;:&quot;fadeIn&quot;}\" data-widget_type=\"heading.default\">\n\t\t\t\t<div class=\"elementor-widget-container\">\n\t\t\t\t\t<h1 class=\"elementor-heading-title elementor-size-default\">Aktualizace<\/h1>\t\t\t\t<\/div>\n\t\t\t\t<\/div>\n\t\t\t\t<div class=\"elementor-element elementor-element-4ebe89a8 elementor-widget-divider--view-line elementor-invisible elementor-widget elementor-widget-divider\" data-id=\"4ebe89a8\" data-element_type=\"widget\" data-e-type=\"widget\" data-settings=\"{&quot;_animation&quot;:&quot;fadeIn&quot;,&quot;_animation_delay&quot;:&quot;200&quot;}\" data-widget_type=\"divider.default\">\n\t\t\t\t<div class=\"elementor-widget-container\">\n\t\t\t\t\t\t\t<div class=\"elementor-divider\">\n\t\t\t<span class=\"elementor-divider-separator\">\n\t\t\t\t\t\t<\/span>\n\t\t<\/div>\n\t\t\t\t\t\t<\/div>\n\t\t\t\t<\/div>\n\t\t\t\t<div class=\"elementor-element elementor-element-681dde22 elementor-invisible elementor-widget elementor-widget-heading\" data-id=\"681dde22\" data-element_type=\"widget\" data-e-type=\"widget\" data-settings=\"{&quot;_animation&quot;:&quot;fadeIn&quot;,&quot;_animation_delay&quot;:&quot;400&quot;}\" data-widget_type=\"heading.default\">\n\t\t\t\t<div class=\"elementor-widget-container\">\n\t\t\t\t\t<h2 class=\"elementor-heading-title elementor-size-default\">Pr\u016fkopnick\u00e1<br>a udr\u017eiteln\u00e1 budoucnost vod\u00edkov\u00e9 energie<\/h2>\t\t\t\t<\/div>\n\t\t\t\t<\/div>\n\t\t\t\t<div class=\"elementor-element elementor-element-dff3636 elementor-widget elementor-widget-button\" data-id=\"dff3636\" data-element_type=\"widget\" data-e-type=\"widget\" data-widget_type=\"button.default\">\n\t\t\t\t<div class=\"elementor-widget-container\">\n\t\t\t\t\t\t\t\t\t<div class=\"elementor-button-wrapper\">\n\t\t\t\t\t<a class=\"elementor-button elementor-button-link elementor-size-sm\" href=\"#perfectresults\">\n\t\t\t\t\t\t<span class=\"elementor-button-content-wrapper\">\n\t\t\t\t\t\t\t\t\t<span class=\"elementor-button-text\">Take look<\/span>\n\t\t\t\t\t<\/span>\n\t\t\t\t\t<\/a>\n\t\t\t\t<\/div>\n\t\t\t\t\t\t\t\t<\/div>\n\t\t\t\t<\/div>\n\t\t\t\t<\/div>\n\t\t\t\t<\/div>\n\t\t<div class=\"elementor-element elementor-element-56fa0052 e-con-full e-flex e-con e-child\" data-id=\"56fa0052\" data-element_type=\"container\" data-e-type=\"container\" data-settings=\"{&quot;background_background&quot;:&quot;classic&quot;}\">\n\t\t\t\t<\/div>\n\t\t\t\t<\/div>\n\t\t<div class=\"elementor-element elementor-element-11331365 e-con-full e-flex e-con e-parent\" data-id=\"11331365\" data-element_type=\"container\" data-e-type=\"container\" id=\"perfectresults\">\n\t\t<div class=\"elementor-element elementor-element-5dc035e5 e-con-full e-flex e-con e-child\" data-id=\"5dc035e5\" data-element_type=\"container\" data-e-type=\"container\" data-settings=\"{&quot;background_background&quot;:&quot;classic&quot;}\">\n\t\t\t\t<\/div>\n\t\t<div class=\"elementor-element elementor-element-40ec3dea e-con-full e-flex e-con e-child\" data-id=\"40ec3dea\" data-element_type=\"container\" data-e-type=\"container\">\n\t\t\t\t<div class=\"elementor-element elementor-element-418102a8 elementor-invisible elementor-widget elementor-widget-heading\" data-id=\"418102a8\" data-element_type=\"widget\" data-e-type=\"widget\" data-settings=\"{&quot;_animation&quot;:&quot;fadeIn&quot;}\" data-widget_type=\"heading.default\">\n\t\t\t\t<div class=\"elementor-widget-container\">\n\t\t\t\t\t<h2 class=\"elementor-heading-title elementor-size-default\">Na\u0161e c\u00edle<\/h2>\t\t\t\t<\/div>\n\t\t\t\t<\/div>\n\t\t\t\t<div class=\"elementor-element elementor-element-4deb1603 elementor-widget-divider--view-line elementor-invisible elementor-widget elementor-widget-divider\" data-id=\"4deb1603\" data-element_type=\"widget\" data-e-type=\"widget\" data-settings=\"{&quot;_animation&quot;:&quot;slideInRight&quot;}\" data-widget_type=\"divider.default\">\n\t\t\t\t<div class=\"elementor-widget-container\">\n\t\t\t\t\t\t\t<div class=\"elementor-divider\">\n\t\t\t<span class=\"elementor-divider-separator\">\n\t\t\t\t\t\t<\/span>\n\t\t<\/div>\n\t\t\t\t\t\t<\/div>\n\t\t\t\t<\/div>\n\t\t\t\t<div class=\"elementor-element elementor-element-2fe43f58 elementor-widget elementor-widget-text-editor\" data-id=\"2fe43f58\" data-element_type=\"widget\" data-e-type=\"widget\" data-widget_type=\"text-editor.default\">\n\t\t\t\t<div class=\"elementor-widget-container\">\n\t\t\t\t\t\t\t\t\t<p>Pl\u00e1ny a z\u00e1vazky pro rozvoj v\u00fdroby obnoviteln\u00e9ho vod\u00edku (OV) maj\u00ed jeden spole\u010dn\u00fd probl\u00e9m, kter\u00fd doposud nikdo v \u010cR ne\u0159e\u0161\u00ed, a je zat\u00edm \u0159e\u0161en velmi omezen\u00e9 v mezin\u00e1rodn\u00edm hledisku: zdaleka ne v\u0161echen OV bude vyroben v m\u00edst\u011b spot\u0159eby, proto\u017ee instalace elektrolyz\u00e9r\u016f vy\u017eaduje prostor, je sv\u00e1z\u00e1na legislativou a ide\u00e1ln\u011b je nav\u00e1z\u00e1na p\u0159\u00edmo na, \u010dasto distribuovan\u00e9 nebo komunitn\u00ed Obnoviteln\u00e9 Zdroje Energie (OZE), co\u017e bude vy\u017eadovat p\u0159epravu vod\u00edku po silnici nebo po kolej\u00edch.<\/p>\t\t\t\t\t\t\t\t<\/div>\n\t\t\t\t<\/div>\n\t\t\t\t<div class=\"elementor-element elementor-element-a0466de elementor-widget elementor-widget-text-editor\" data-id=\"a0466de\" data-element_type=\"widget\" data-e-type=\"widget\" data-widget_type=\"text-editor.default\">\n\t\t\t\t<div class=\"elementor-widget-container\">\n\t\t\t\t\t\t\t\t\t<p>C\u00edlem spole\u010dnosti HDISYS je vytvo\u0159it modern\u00ed, pokro\u010dil\u00fd a efektivn\u00ed syst\u00e9m dopravy a ukl\u00e1d\u00e1n\u00ed vod\u00edku s vyu\u017eit\u00edm zcela nov\u00e9 technologie, kter\u00fd bude pln\u011b certifikov\u00e1n v souladu se v\u0161emi dot\u010den\u00fdmi sm\u011brnicemi EU. Zat\u00edmco sou\u010dasn\u00ed velc\u00ed v\u00fdrobci \u201euhl\u00edkat\u00e9ho\u201c vod\u00edku vyu\u017e\u00edvaj\u00ed vlastn\u00ed p\u0159epravu velk\u00fdmi trailery s t\u011b\u017ek\u00fdmi ocelov\u00fdmi lahvemi p\u0159i tlaku typicky 200 bar ke sv\u00fdm z\u00e1kazn\u00edk\u016fm (hlavn\u011b v pr\u016fmyslu), HDISYS bude c\u00edlit na distribuovan\u00e9 a komunitn\u00ed zdroje H2.<\/p>\t\t\t\t\t\t\t\t<\/div>\n\t\t\t\t<\/div>\n\t\t\t\t<\/div>\n\t\t\t\t<\/div>\n\t\t<div class=\"elementor-element elementor-element-421ce4b7 e-con-full e-flex e-con e-parent\" data-id=\"421ce4b7\" data-element_type=\"container\" data-e-type=\"container\">\n\t\t<div class=\"elementor-element elementor-element-21513980 e-con-full e-flex e-con e-child\" data-id=\"21513980\" data-element_type=\"container\" data-e-type=\"container\">\n\t\t\t\t<div class=\"elementor-element elementor-element-3009f98b elementor-widget elementor-widget-text-editor\" data-id=\"3009f98b\" data-element_type=\"widget\" data-e-type=\"widget\" data-widget_type=\"text-editor.default\">\n\t\t\t\t<div class=\"elementor-widget-container\">\n\t\t\t\t\t\t\t\t\t<p>C\u00edlem je vyvinout, vyr\u00e1b\u011bt, prod\u00e1vat, pronaj\u00edmat a dopravovat pokro\u010dil\u00e1 kontejnerov\u00e1 \u00falo\u017ei\u0161t\u011b, vyu\u017e\u00edvaj\u00edc\u00ed lehk\u00e9 kompozitn\u00ed vysokotlak\u00e9 lahve pro p\u0159epravu a\u017e 200 kg vod\u00edku\/kontejner po silnici (3 kontejnery na n\u00e1v\u011bs), nebo 370 kg vod\u00edku po \u017eeleznici p\u0159i tlaku a\u017e 500 bar. Hlavn\u00ed v\u00fdhody budou v\u00fdrazn\u00e9 zv\u00fd\u0161en\u00ed u\u017eite\u010dn\u00e9ho zat\u00ed\u017een\u00ed dopravn\u00edch prost\u0159edk\u016f, relativn\u011b snadn\u00e1 manipulace, mo\u017enost n\u00e1hrady stacion\u00e1rn\u00edho \u00falo\u017ei\u0161t\u011b H2 u v\u00fdrobce v\u00fdm\u011bnn\u00fdm pln\u011bn\u00edm kontejner\u016f. Vod\u00edk bude dod\u00e1v\u00e1n p\u0159edev\u0161\u00edm pro pln\u011bn\u00ed u\u017eitkov\u00fdch vod\u00edkov\u00fdch vozidel s pln\u00edc\u00edm tlakem 350 bar (n\u00e1kladn\u00ed a autobusov\u00e1 doprava, manipula\u010dn\u00ed technika).<\/p>\t\t\t\t\t\t\t\t<\/div>\n\t\t\t\t<\/div>\n\t\t\t\t<div class=\"elementor-element elementor-element-d5e3b07 elementor-widget elementor-widget-text-editor\" data-id=\"d5e3b07\" data-element_type=\"widget\" data-e-type=\"widget\" data-widget_type=\"text-editor.default\">\n\t\t\t\t<div class=\"elementor-widget-container\">\n\t\t\t\t\t\t\t\t\t<p>Vysok\u00fd tlak p\u0159epravovan\u00e9ho vod\u00edku umo\u017en\u00ed plnit dopravn\u00ed prost\u0159edky p\u0159\u00edmo bez pou\u017eit\u00ed kompresoru. V\u00fdznamn\u00fdm inovativn\u00edm prvkem bude kombinace manu\u00e1ln\u00edho a elektronicky \u0159\u00edzen\u00e9ho p\u0159epou\u0161t\u011bn\u00ed plynu pro dosa\u017een\u00ed vysok\u00e9 \u00farovn\u011b bezpe\u010dnosti a automatizace. Projekt spoj\u00ed v\u00fdrobu kontejner\u016f, jejich prodej nebo pron\u00e1jem a zaji\u0161t\u011bn\u00ed logistiky, kdy d\u00edku vzd\u00e1len\u00e9mu p\u0159\u00edstupu bude st\u00e1le sledov\u00e1n stav napln\u011bn\u00ed, z\u00e1kladn\u00edch parametr\u016f a polohy kontejneru. Z\u00e1kazn\u00edci, v\u00fdrobci nebo spot\u0159ebitel\u00e9 vod\u00edku ocen\u00ed to, \u017ee kontejnery budou moci b\u00fdt vym\u011b\u0148ov\u00e1ny a mohou nahradit stacion\u00e1rn\u00ed \u00falo\u017ei\u0161t\u011b.<\/p>\t\t\t\t\t\t\t\t<\/div>\n\t\t\t\t<\/div>\n\t\t\t\t<\/div>\n\t\t<div class=\"elementor-element elementor-element-7ca7995f e-con-full e-flex e-con e-child\" data-id=\"7ca7995f\" data-element_type=\"container\" data-e-type=\"container\" data-settings=\"{&quot;background_background&quot;:&quot;classic&quot;}\">\n\t\t\t\t<\/div>\n\t\t\t\t<\/div>\n\t\t<div class=\"elementor-element elementor-element-04b4e77 e-con-full e-flex e-con e-parent\" data-id=\"04b4e77\" data-element_type=\"container\" data-e-type=\"container\">\n\t\t<div class=\"elementor-element elementor-element-e68354b e-con-full e-flex e-con e-child\" data-id=\"e68354b\" data-element_type=\"container\" data-e-type=\"container\" data-settings=\"{&quot;background_background&quot;:&quot;classic&quot;}\">\n\t\t\t\t<\/div>\n\t\t<div class=\"elementor-element elementor-element-a0fd0d1 e-con-full e-flex e-con e-child\" data-id=\"a0fd0d1\" data-element_type=\"container\" data-e-type=\"container\">\n\t\t\t\t<div class=\"elementor-element elementor-element-5ee9dd2 elementor-invisible elementor-widget elementor-widget-heading\" data-id=\"5ee9dd2\" data-element_type=\"widget\" data-e-type=\"widget\" data-settings=\"{&quot;_animation&quot;:&quot;fadeIn&quot;}\" data-widget_type=\"heading.default\">\n\t\t\t\t<div class=\"elementor-widget-container\">\n\t\t\t\t\t<h2 class=\"elementor-heading-title elementor-size-default\">Na\u0161e vize<\/h2>\t\t\t\t<\/div>\n\t\t\t\t<\/div>\n\t\t\t\t<div class=\"elementor-element elementor-element-5f5ab4e elementor-widget-divider--view-line elementor-invisible elementor-widget elementor-widget-divider\" data-id=\"5f5ab4e\" data-element_type=\"widget\" data-e-type=\"widget\" data-settings=\"{&quot;_animation&quot;:&quot;slideInRight&quot;}\" data-widget_type=\"divider.default\">\n\t\t\t\t<div class=\"elementor-widget-container\">\n\t\t\t\t\t\t\t<div class=\"elementor-divider\">\n\t\t\t<span class=\"elementor-divider-separator\">\n\t\t\t\t\t\t<\/span>\n\t\t<\/div>\n\t\t\t\t\t\t<\/div>\n\t\t\t\t<\/div>\n\t\t\t\t<div class=\"elementor-element elementor-element-6e3ed4d elementor-widget elementor-widget-text-editor\" data-id=\"6e3ed4d\" data-element_type=\"widget\" data-e-type=\"widget\" data-widget_type=\"text-editor.default\">\n\t\t\t\t<div class=\"elementor-widget-container\">\n\t\t\t\t\t\t\t\t\t<p>Viz\u00ed spole\u010dnosti Hydrogen Distribution Systems je revoluce na trhu s vod\u00edkem a obnoviteln\u00fdmi palivy pomoc\u00ed inovativn\u00edch \u0159e\u0161en\u00ed pro p\u0159epravu a skladov\u00e1n\u00ed. Byli jsme zalo\u017eeni s ohledem na udr\u017eitelnost a sna\u017e\u00edme se j\u00edt v tomto odv\u011btv\u00ed p\u0159\u00edkladem a stanovovat nov\u00e9 standardy v oblasti odpov\u011bdnosti k \u017eivotn\u00edmu prost\u0159ed\u00ed a \u00fa\u010dinnosti.<\/p>\t\t\t\t\t\t\t\t<\/div>\n\t\t\t\t<\/div>\n\t\t\t\t<\/div>\n\t\t\t\t<\/div>\n\t\t\t\t<\/div>","protected":false},"excerpt":{"rendered":"<p>Upgrading Pioneeringa Sustainable Future in Hydrogen Energy Take look Our Goals Plans and commitments for the development of renewable hydrogen (RH) production share one common problem, which has not yet been addressed in the Czech Republic and is currently being addressed very limitedly from an international perspective: not all RH will be produced at the [&hellip;]<\/p>\n","protected":false},"author":1,"featured_media":0,"parent":0,"menu_order":0,"comment_status":"closed","ping_status":"closed","template":"elementor_header_footer","meta":{"footnotes":""},"class_list":["post-234","page","type-page","status-publish","hentry"],"_links":{"self":[{"href":"https:\/\/hdisys.eu\/cs\/wp-json\/wp\/v2\/pages\/234","targetHints":{"allow":["GET"]}}],"collection":[{"href":"https:\/\/hdisys.eu\/cs\/wp-json\/wp\/v2\/pages"}],"about":[{"href":"https:\/\/hdisys.eu\/cs\/wp-json\/wp\/v2\/types\/page"}],"author":[{"embeddable":true,"href":"https:\/\/hdisys.eu\/cs\/wp-json\/wp\/v2\/users\/1"}],"replies":[{"embeddable":true,"href":"https:\/\/hdisys.eu\/cs\/wp-json\/wp\/v2\/comments?post=234"}],"version-history":[{"count":28,"href":"https:\/\/hdisys.eu\/cs\/wp-json\/wp\/v2\/pages\/234\/revisions"}],"predecessor-version":[{"id":659,"href":"https:\/\/hdisys.eu\/cs\/wp-json\/wp\/v2\/pages\/234\/revisions\/659"}],"wp:attachment":[{"href":"https:\/\/hdisys.eu\/cs\/wp-json\/wp\/v2\/media?parent=234"}],"curies":[{"name":"wp","href":"https:\/\/api.w.org\/{rel}","templated":true}]}}