{"id":231,"date":"2023-11-07T02:15:11","date_gmt":"2023-11-07T02:15:11","guid":{"rendered":"https:\/\/hdisys.eu\/gallery\/"},"modified":"2025-03-25T18:57:17","modified_gmt":"2025-03-25T18:57:17","slug":"product","status":"publish","type":"page","link":"https:\/\/hdisys.eu\/cs\/product\/","title":{"rendered":"Produkt"},"content":{"rendered":"<div data-elementor-type=\"wp-page\" data-elementor-id=\"231\" class=\"elementor elementor-231\" data-elementor-post-type=\"page\">\n\t\t\t\t<div class=\"elementor-element elementor-element-777417c5 e-con-full e-flex e-con e-parent\" data-id=\"777417c5\" data-element_type=\"container\" data-e-type=\"container\" data-settings=\"{&quot;background_background&quot;:&quot;classic&quot;}\">\n\t\t\t\t<div class=\"elementor-element elementor-element-4ba6038e elementor-invisible elementor-widget elementor-widget-heading\" data-id=\"4ba6038e\" data-element_type=\"widget\" data-e-type=\"widget\" data-settings=\"{&quot;_animation&quot;:&quot;fadeIn&quot;}\" data-widget_type=\"heading.default\">\n\t\t\t\t<div class=\"elementor-widget-container\">\n\t\t\t\t\t<h1 class=\"elementor-heading-title elementor-size-default\">Vod\u00edkov\u00fd Kontejner<\/h1>\t\t\t\t<\/div>\n\t\t\t\t<\/div>\n\t\t\t\t<div class=\"elementor-element elementor-element-4b0ccbc elementor-widget-divider--view-line elementor-invisible elementor-widget elementor-widget-divider\" data-id=\"4b0ccbc\" data-element_type=\"widget\" data-e-type=\"widget\" data-settings=\"{&quot;_animation&quot;:&quot;fadeIn&quot;,&quot;_animation_delay&quot;:&quot;200&quot;}\" data-widget_type=\"divider.default\">\n\t\t\t\t<div class=\"elementor-widget-container\">\n\t\t\t\t\t\t\t<div class=\"elementor-divider\">\n\t\t\t<span class=\"elementor-divider-separator\">\n\t\t\t\t\t\t<\/span>\n\t\t<\/div>\n\t\t\t\t\t\t<\/div>\n\t\t\t\t<\/div>\n\t\t\t\t<div class=\"elementor-element elementor-element-31f38931 elementor-widget elementor-widget-text-editor\" data-id=\"31f38931\" data-element_type=\"widget\" data-e-type=\"widget\" data-widget_type=\"text-editor.default\">\n\t\t\t\t<div class=\"elementor-widget-container\">\n\t\t\t\t\t\t\t\t\t<p>HDISYS develops 10\u00b4 240 kg intelligent HYDROGEN STORAGE CONTAINERS i-HSC240\u00ae<\/p>\t\t\t\t\t\t\t\t<\/div>\n\t\t\t\t<\/div>\n\t\t\t\t<div class=\"elementor-element elementor-element-d47a936 elementor-widget elementor-widget-button\" data-id=\"d47a936\" data-element_type=\"widget\" data-e-type=\"widget\" data-widget_type=\"button.default\">\n\t\t\t\t<div class=\"elementor-widget-container\">\n\t\t\t\t\t\t\t\t\t<div class=\"elementor-button-wrapper\">\n\t\t\t\t\t<a class=\"elementor-button elementor-button-link elementor-size-sm\" href=\"#Container\">\n\t\t\t\t\t\t<span class=\"elementor-button-content-wrapper\">\n\t\t\t\t\t\t\t\t\t<span class=\"elementor-button-text\">Objevte kontejner<\/span>\n\t\t\t\t\t<\/span>\n\t\t\t\t\t<\/a>\n\t\t\t\t<\/div>\n\t\t\t\t\t\t\t\t<\/div>\n\t\t\t\t<\/div>\n\t\t\t\t<\/div>\n\t\t<div class=\"elementor-element elementor-element-10c60f7 e-flex e-con-boxed e-con e-parent\" data-id=\"10c60f7\" data-element_type=\"container\" data-e-type=\"container\">\n\t\t\t\t\t<div class=\"e-con-inner\">\n\t\t<div class=\"elementor-element elementor-element-e628807 e-con-full e-flex e-con e-child\" data-id=\"e628807\" data-element_type=\"container\" data-e-type=\"container\">\n\t\t\t\t<div class=\"elementor-element elementor-element-1810e05 elementor-widget elementor-widget-image\" data-id=\"1810e05\" data-element_type=\"widget\" data-e-type=\"widget\" data-widget_type=\"image.default\">\n\t\t\t\t<div class=\"elementor-widget-container\">\n\t\t\t\t\t\t\t\t\t\t\t\t\t\t\t<img fetchpriority=\"high\" decoding=\"async\" width=\"1900\" height=\"1900\" src=\"https:\/\/hdisys.eu\/wp-content\/uploads\/2025\/03\/fin_2.png\" class=\"attachment-full size-full wp-image-642\" alt=\"\" srcset=\"https:\/\/hdisys.eu\/wp-content\/uploads\/2025\/03\/fin_2.png 1900w, https:\/\/hdisys.eu\/wp-content\/uploads\/2025\/03\/fin_2-300x300.png 300w, https:\/\/hdisys.eu\/wp-content\/uploads\/2025\/03\/fin_2-1024x1024.png 1024w, https:\/\/hdisys.eu\/wp-content\/uploads\/2025\/03\/fin_2-150x150.png 150w, https:\/\/hdisys.eu\/wp-content\/uploads\/2025\/03\/fin_2-768x768.png 768w, https:\/\/hdisys.eu\/wp-content\/uploads\/2025\/03\/fin_2-1536x1536.png 1536w, https:\/\/hdisys.eu\/wp-content\/uploads\/2025\/03\/fin_2-12x12.png 12w\" sizes=\"(max-width: 1900px) 100vw, 1900px\" \/>\t\t\t\t\t\t\t\t\t\t\t\t\t\t\t<\/div>\n\t\t\t\t<\/div>\n\t\t\t\t<\/div>\n\t\t<div class=\"elementor-element elementor-element-6d30a76 e-con-full e-flex e-con e-child\" data-id=\"6d30a76\" data-element_type=\"container\" data-e-type=\"container\">\n\t\t\t\t<div class=\"elementor-element elementor-element-7b0edf6 elementor-widget-divider--view-line elementor-invisible elementor-widget elementor-widget-divider\" data-id=\"7b0edf6\" data-element_type=\"widget\" data-e-type=\"widget\" data-settings=\"{&quot;_animation&quot;:&quot;slideInRight&quot;}\" data-widget_type=\"divider.default\">\n\t\t\t\t<div class=\"elementor-widget-container\">\n\t\t\t\t\t\t\t<div class=\"elementor-divider\">\n\t\t\t<span class=\"elementor-divider-separator\">\n\t\t\t\t\t\t<\/span>\n\t\t<\/div>\n\t\t\t\t\t\t<\/div>\n\t\t\t\t<\/div>\n\t\t\t\t<div class=\"elementor-element elementor-element-7fc9de4 elementor-invisible elementor-widget elementor-widget-heading\" data-id=\"7fc9de4\" data-element_type=\"widget\" data-e-type=\"widget\" data-settings=\"{&quot;_animation&quot;:&quot;fadeIn&quot;,&quot;_animation_delay&quot;:&quot;400&quot;}\" data-widget_type=\"heading.default\">\n\t\t\t\t<div class=\"elementor-widget-container\">\n\t\t\t\t\t<h3 class=\"elementor-heading-title elementor-size-default\">Logistika<br>distribuce<\/h3>\t\t\t\t<\/div>\n\t\t\t\t<\/div>\n\t\t\t\t<div class=\"elementor-element elementor-element-719918f elementor-widget elementor-widget-text-editor\" data-id=\"719918f\" data-element_type=\"widget\" data-e-type=\"widget\" data-widget_type=\"text-editor.default\">\n\t\t\t\t<div class=\"elementor-widget-container\">\n\t\t\t\t\t\t\t\t\t<p>Logistika obnoviteln\u00e9ho vod\u00edku je skute\u010dn\u011b v\u00fdzvou pro budoucnost vod\u00edkov\u00e9 energie. Jeho v\u00fdroba, skladov\u00e1n\u00ed, distribuce a p\u0159eprava v\u0161ak p\u0159edstavuj\u00ed ur\u010dit\u00e9 technick\u00e9 a ekonomick\u00e9 v\u00fdzvy.<\/p><p>Existuj\u00ed r\u016fzn\u00e9 technologie skladov\u00e1n\u00ed vod\u00edku, v\u010detn\u011b tlakov\u00fdch n\u00e1dr\u017e\u00ed, kapaln\u00e9ho vod\u00edku a jeho absorpce do nosi\u010d\u016f, jako jsou hydridy kov\u016f nebo organick\u00e9 slou\u010deniny.<\/p><p>Inovativn\u00ed technologie a investice do infrastruktury budou hr\u00e1t kl\u00ed\u010dovou roli p\u0159i ur\u010dov\u00e1n\u00ed toho, jak rychle se vod\u00edkov\u00e1 technologie p\u0159izp\u016fsob\u00ed pot\u0159eb\u00e1m a omezen\u00edm logistiky.<\/p>\t\t\t\t\t\t\t\t<\/div>\n\t\t\t\t<\/div>\n\t\t\t\t<\/div>\n\t\t\t\t\t<\/div>\n\t\t\t\t<\/div>\n\t\t<div class=\"elementor-element elementor-element-b16c5cf e-flex e-con-boxed e-con e-parent\" data-id=\"b16c5cf\" data-element_type=\"container\" data-e-type=\"container\" data-settings=\"{&quot;background_background&quot;:&quot;classic&quot;}\">\n\t\t\t\t\t<div class=\"e-con-inner\">\n\t\t\t\t<div class=\"elementor-element elementor-element-0686ee3 elementor-invisible elementor-widget elementor-widget-heading\" data-id=\"0686ee3\" data-element_type=\"widget\" data-e-type=\"widget\" data-settings=\"{&quot;_animation&quot;:&quot;fadeIn&quot;}\" data-widget_type=\"heading.default\">\n\t\t\t\t<div class=\"elementor-widget-container\">\n\t\t\t\t\t<h2 class=\"elementor-heading-title elementor-size-default\">NOVINKA!<\/h2>\t\t\t\t<\/div>\n\t\t\t\t<\/div>\n\t\t<div class=\"elementor-element elementor-element-53a9c26 e-con-full e-flex e-con e-child\" data-id=\"53a9c26\" data-element_type=\"container\" data-e-type=\"container\">\n\t\t\t\t<div class=\"elementor-element elementor-element-2b82590 elementor-widget-tablet__width-initial elementor-widget__width-initial elementor-view-default elementor-position-block-start elementor-mobile-position-block-start elementor-widget elementor-widget-icon-box\" data-id=\"2b82590\" data-element_type=\"widget\" data-e-type=\"widget\" data-widget_type=\"icon-box.default\">\n\t\t\t\t<div class=\"elementor-widget-container\">\n\t\t\t\t\t\t\t<div class=\"elementor-icon-box-wrapper\">\n\n\t\t\t\t\t\t<div class=\"elementor-icon-box-icon\">\n\t\t\t\t<span  class=\"elementor-icon\">\n\t\t\t\t<svg xmlns=\"http:\/\/www.w3.org\/2000\/svg\" id=\"Vrstva_2\" data-name=\"Vrstva 2\" viewbox=\"0 0 181.78 145.46\"><defs><style>      .cls-1 {        fill: #00cfaf;        stroke-width: 0px;      }    <\/style><\/defs><g id=\"Layer_2\" data-name=\"Layer 2\"><g><path class=\"cls-1\" d=\"m173.52,128.06h-20.36v-19.04c16.87-7.73,28.62-24.77,28.62-44.51,0-26.99-21.96-48.95-48.95-48.95h-21.7V1.74c0-.96-.78-1.74-1.74-1.74h-37.01c-.96,0-1.74.78-1.74,1.74v13.84h-21.7C21.96,15.58,0,37.53,0,64.52c0,19.74,11.75,36.77,28.62,44.51v19.03H8.26c-.96,0-1.74.78-1.74,1.74v13.92c0,.96.78,1.74,1.74,1.74h165.26c.96,0,1.74-.78,1.74-1.74v-13.92c0-.96-.78-1.74-1.74-1.74Zm-23.84,0h-21.45v-14.6h4.61c5.92,0,11.59-1.06,16.85-2.99v17.59Zm-92.65,0v-14.6h67.72v14.6H57.03ZM74.12,3.48h33.54v12.1h-33.54V3.48ZM3.48,64.52c0-25.07,20.4-45.47,45.47-45.47h83.89c25.07,0,45.47,20.4,45.47,45.47s-20.4,45.47-45.47,45.47H48.95c-25.07,0-45.47-20.4-45.47-45.47Zm28.62,45.96c5.25,1.93,10.93,2.99,16.85,2.99h4.61v14.6h-21.45v-17.59Zm139.68,31.5H10v-10.44h161.78v10.44Z\"><\/path><path class=\"cls-1\" d=\"m66.44,82.94c.96,0,1.74-.78,1.74-1.74v-20.66h24.22v20.66c0,.96.78,1.74,1.74,1.74s1.74-.78,1.74-1.74v-44.79c0-.96-.78-1.74-1.74-1.74s-1.74.78-1.74,1.74v20.66h-24.22v-20.66c0-.96-.78-1.74-1.74-1.74s-1.74.78-1.74,1.74v44.79c0,.96.78,1.74,1.74,1.74Z\"><\/path><path class=\"cls-1\" d=\"m109.3,85.89c-2.8,1.7-6.29,3.83-6.28,8.49,0,.96.78,1.73,1.74,1.73h10.57c.96,0,1.74-.78,1.74-1.74s-.78-1.74-1.74-1.74h-8.5c.63-1.48,2.15-2.47,4.27-3.77,2.66-1.62,5.97-3.63,5.97-7.87,0-3.96-3.22-7.18-7.18-7.18-3.05,0-5.77,1.93-6.78,4.81-.32.91.16,1.9,1.07,2.22.91.32,1.9-.16,2.22-1.07.52-1.48,1.92-2.48,3.49-2.48,2.04,0,3.7,1.66,3.7,3.7,0,2.17-1.63,3.28-4.3,4.9Z\"><\/path><\/g><\/g><\/svg>\t\t\t\t<\/span>\n\t\t\t<\/div>\n\t\t\t\n\t\t\t\t\t\t<div class=\"elementor-icon-box-content\">\n\n\t\t\t\t\t\t\t\t\t<h4 class=\"elementor-icon-box-title\">\n\t\t\t\t\t\t<span  >\n\t\t\t\t\t\t\tModul\u00e1rn\u00ed \u00falo\u017en\u00e1 \u0159e\u0161en\u00ed\t\t\t\t\t\t<\/span>\n\t\t\t\t\t<\/h4>\n\t\t\t\t\n\t\t\t\t\t\t\t\t\t<p class=\"elementor-icon-box-description\">\n\t\t\t\t\t\t\"S velk\u00fdm pot\u011b\u0161en\u00edm oznamujeme na\u0161im partner\u016fm, \u017ee byla zalo\u017eena spole\u010dnost HDISYS Ltd., aby poskytla nov\u00fd impulz do vod\u00edkov\u00e9 logistiky. S radost\u00ed oznamujeme, \u017ee spole\u010dnost HDISYS uv\u00e1d\u00ed na trh pokro\u010dil\u00fd kontejner pro skladov\u00e1n\u00ed a p\u0159epravu vod\u00edku.\"\t\t\t\t\t<\/p>\n\t\t\t\t\n\t\t\t<\/div>\n\t\t\t\n\t\t<\/div>\n\t\t\t\t\t\t<\/div>\n\t\t\t\t<\/div>\n\t\t\t\t<\/div>\n\t\t\t\t\t<\/div>\n\t\t\t\t<\/div>\n\t\t<div class=\"elementor-element elementor-element-b10b1fe e-con-full Container e-flex e-con e-parent\" data-id=\"b10b1fe\" data-element_type=\"container\" data-e-type=\"container\" id=\"Container\">\n\t\t<div class=\"elementor-element elementor-element-e250153 e-con-full e-flex e-con e-child\" data-id=\"e250153\" data-element_type=\"container\" data-e-type=\"container\">\n\t\t\t\t<div class=\"elementor-element elementor-element-3d56db2 elementor-invisible elementor-widget elementor-widget-heading\" data-id=\"3d56db2\" data-element_type=\"widget\" data-e-type=\"widget\" data-settings=\"{&quot;_animation&quot;:&quot;fadeIn&quot;,&quot;_animation_delay&quot;:&quot;400&quot;}\" data-widget_type=\"heading.default\">\n\t\t\t\t<div class=\"elementor-widget-container\">\n\t\t\t\t\t<h3 class=\"elementor-heading-title elementor-size-default\">H<sub>2<\/sub> \u00dalo\u017en\u00fd kontejner<\/h3>\t\t\t\t<\/div>\n\t\t\t\t<\/div>\n\t\t\t\t<div class=\"elementor-element elementor-element-a983276 elementor-widget-divider--view-line elementor-invisible elementor-widget elementor-widget-divider\" data-id=\"a983276\" data-element_type=\"widget\" data-e-type=\"widget\" data-settings=\"{&quot;_animation&quot;:&quot;slideInRight&quot;}\" data-widget_type=\"divider.default\">\n\t\t\t\t<div class=\"elementor-widget-container\">\n\t\t\t\t\t\t\t<div class=\"elementor-divider\">\n\t\t\t<span class=\"elementor-divider-separator\">\n\t\t\t\t\t\t<\/span>\n\t\t<\/div>\n\t\t\t\t\t\t<\/div>\n\t\t\t\t<\/div>\n\t\t\t\t<div class=\"elementor-element elementor-element-06a8bd2 elementor-widget elementor-widget-text-editor\" data-id=\"06a8bd2\" data-element_type=\"widget\" data-e-type=\"widget\" data-widget_type=\"text-editor.default\">\n\t\t\t\t<div class=\"elementor-widget-container\">\n\t\t\t\t\t\t\t\t\t<p>Hmotnost pr\u00e1zdn\u00e9ho kontejneru: 1250 kg<span class=\"Apple-converted-space\">\u00a0<\/span><\/p><p>Hmotnost 20 kompozitn\u00edch v\u00e1lc\u016f T4 2220 kg<span class=\"Apple-converted-space\">\u00a0<\/span><\/p><p>A total of 3710 kg<span class=\"Apple-converted-space\">\u00a0<\/span><\/p><p>H<sub>2<\/sub> capacity 240 kg@381 Bars<span class=\"Apple-converted-space\">\u00a0<\/span><\/p><p>Hmotnostn\u00ed pom\u011br: n\u00e1doba\/1kg H<sub>2<\/sub><span class=\"Apple-converted-space\">\u00a0 <\/span>= 19.3<\/p>\t\t\t\t\t\t\t\t<\/div>\n\t\t\t\t<\/div>\n\t\t\t\t<div class=\"elementor-element elementor-element-19fabaf elementor-widget elementor-widget-text-editor\" data-id=\"19fabaf\" data-element_type=\"widget\" data-e-type=\"widget\" data-widget_type=\"text-editor.default\">\n\t\t\t\t<div class=\"elementor-widget-container\">\n\t\t\t\t\t\t\t\t\t<p>Hmotnost 1 kg vod\u00edku je p\u011btkr\u00e1t ni\u017e\u0161\u00ed. <br \/>v p\u0159\u00edpad\u011b pou\u017eit\u00ed kompozitn\u00edch lahv\u00ed typu 4<\/p>\t\t\t\t\t\t\t\t<\/div>\n\t\t\t\t<\/div>\n\t\t\t\t<div class=\"elementor-element elementor-element-e570447 elementor-invisible elementor-widget elementor-widget-heading\" data-id=\"e570447\" data-element_type=\"widget\" data-e-type=\"widget\" data-settings=\"{&quot;_animation&quot;:&quot;fadeIn&quot;,&quot;_animation_delay&quot;:&quot;400&quot;}\" data-widget_type=\"heading.default\">\n\t\t\t\t<div class=\"elementor-widget-container\">\n\t\t\t\t\t<h3 class=\"elementor-heading-title elementor-size-default\">240 kg H<sub>2<\/sub> =  8.3 MWh<\/h3>\t\t\t\t<\/div>\n\t\t\t\t<\/div>\n\t\t\t\t<div class=\"elementor-element elementor-element-52e363b elementor-widget elementor-widget-button\" data-id=\"52e363b\" data-element_type=\"widget\" data-e-type=\"widget\" data-widget_type=\"button.default\">\n\t\t\t\t<div class=\"elementor-widget-container\">\n\t\t\t\t\t\t\t\t\t<div class=\"elementor-button-wrapper\">\n\t\t\t\t\t<a class=\"elementor-button elementor-button-link elementor-size-sm\" href=\"http:\/\/hdisys.eu\/wp-content\/uploads\/2025\/03\/letak_hdisys_digi_2.pdf\" target=\"_blank\">\n\t\t\t\t\t\t<span class=\"elementor-button-content-wrapper\">\n\t\t\t\t\t\t\t\t\t<span class=\"elementor-button-text\">Product list<\/span>\n\t\t\t\t\t<\/span>\n\t\t\t\t\t<\/a>\n\t\t\t\t<\/div>\n\t\t\t\t\t\t\t\t<\/div>\n\t\t\t\t<\/div>\n\t\t\t\t<\/div>\n\t\t<div class=\"elementor-element elementor-element-3e783a0 e-con-full e-flex e-con e-child\" data-id=\"3e783a0\" data-element_type=\"container\" data-e-type=\"container\" data-settings=\"{&quot;background_background&quot;:&quot;slideshow&quot;,&quot;background_slideshow_slide_duration&quot;:4000,&quot;background_slideshow_ken_burns&quot;:&quot;yes&quot;,&quot;background_slideshow_gallery&quot;:[],&quot;background_slideshow_slide_transition&quot;:&quot;fade&quot;,&quot;background_slideshow_transition_duration&quot;:500,&quot;background_slideshow_ken_burns_zoom_direction&quot;:&quot;in&quot;}\">\n\t\t\t\t<div class=\"elementor-element elementor-element-3242ad5 elementor-widget elementor-widget-image\" data-id=\"3242ad5\" data-element_type=\"widget\" data-e-type=\"widget\" data-widget_type=\"image.default\">\n\t\t\t\t<div class=\"elementor-widget-container\">\n\t\t\t\t\t\t\t\t\t\t\t\t\t\t\t<img decoding=\"async\" width=\"2322\" height=\"2000\" src=\"https:\/\/hdisys.eu\/wp-content\/uploads\/2025\/03\/1-03-2.png\" class=\"attachment-full size-full wp-image-650\" alt=\"\" srcset=\"https:\/\/hdisys.eu\/wp-content\/uploads\/2025\/03\/1-03-2.png 2322w, https:\/\/hdisys.eu\/wp-content\/uploads\/2025\/03\/1-03-2-300x258.png 300w, https:\/\/hdisys.eu\/wp-content\/uploads\/2025\/03\/1-03-2-1024x882.png 1024w, https:\/\/hdisys.eu\/wp-content\/uploads\/2025\/03\/1-03-2-768x661.png 768w, https:\/\/hdisys.eu\/wp-content\/uploads\/2025\/03\/1-03-2-1536x1323.png 1536w, https:\/\/hdisys.eu\/wp-content\/uploads\/2025\/03\/1-03-2-2048x1764.png 2048w, https:\/\/hdisys.eu\/wp-content\/uploads\/2025\/03\/1-03-2-14x12.png 14w\" sizes=\"(max-width: 2322px) 100vw, 2322px\" \/>\t\t\t\t\t\t\t\t\t\t\t\t\t\t\t<\/div>\n\t\t\t\t<\/div>\n\t\t\t\t<\/div>\n\t\t\t\t<\/div>\n\t\t<div class=\"elementor-element elementor-element-af5f1f6 e-con-full e-flex e-con e-parent\" data-id=\"af5f1f6\" data-element_type=\"container\" data-e-type=\"container\">\n\t\t<div class=\"elementor-element elementor-element-03324ce e-con-full e-flex e-con e-child\" data-id=\"03324ce\" data-element_type=\"container\" data-e-type=\"container\" data-settings=\"{&quot;background_background&quot;:&quot;slideshow&quot;,&quot;background_slideshow_slide_duration&quot;:4000,&quot;background_slideshow_ken_burns&quot;:&quot;yes&quot;,&quot;background_slideshow_gallery&quot;:[],&quot;background_slideshow_slide_transition&quot;:&quot;fade&quot;,&quot;background_slideshow_transition_duration&quot;:500,&quot;background_slideshow_ken_burns_zoom_direction&quot;:&quot;in&quot;}\">\n\t\t\t\t<div class=\"elementor-element elementor-element-5a11ccc elementor-widget__width-initial elementor-widget elementor-widget-image\" data-id=\"5a11ccc\" data-element_type=\"widget\" data-e-type=\"widget\" data-widget_type=\"image.default\">\n\t\t\t\t<div class=\"elementor-widget-container\">\n\t\t\t\t\t\t\t\t\t\t\t\t\t\t\t<img decoding=\"async\" width=\"9017\" height=\"9017\" src=\"https:\/\/hdisys.eu\/wp-content\/uploads\/2025\/03\/1-02.png\" class=\"attachment-full size-full wp-image-639\" alt=\"\" srcset=\"https:\/\/hdisys.eu\/wp-content\/uploads\/2025\/03\/1-02.png 9017w, https:\/\/hdisys.eu\/wp-content\/uploads\/2025\/03\/1-02-300x300.png 300w, https:\/\/hdisys.eu\/wp-content\/uploads\/2025\/03\/1-02-1024x1024.png 1024w, https:\/\/hdisys.eu\/wp-content\/uploads\/2025\/03\/1-02-150x150.png 150w, https:\/\/hdisys.eu\/wp-content\/uploads\/2025\/03\/1-02-768x768.png 768w, https:\/\/hdisys.eu\/wp-content\/uploads\/2025\/03\/1-02-1536x1536.png 1536w, https:\/\/hdisys.eu\/wp-content\/uploads\/2025\/03\/1-02-2048x2048.png 2048w, https:\/\/hdisys.eu\/wp-content\/uploads\/2025\/03\/1-02-12x12.png 12w\" sizes=\"(max-width: 9017px) 100vw, 9017px\" \/>\t\t\t\t\t\t\t\t\t\t\t\t\t\t\t<\/div>\n\t\t\t\t<\/div>\n\t\t\t\t<div class=\"elementor-element elementor-element-029a369 elementor-widget__width-initial elementor-widget elementor-widget-image\" data-id=\"029a369\" data-element_type=\"widget\" data-e-type=\"widget\" data-widget_type=\"image.default\">\n\t\t\t\t<div class=\"elementor-widget-container\">\n\t\t\t\t\t\t\t\t\t\t\t\t\t\t\t<img loading=\"lazy\" decoding=\"async\" width=\"13853\" height=\"8801\" src=\"https:\/\/hdisys.eu\/wp-content\/uploads\/2025\/03\/1-01.png\" class=\"attachment-full size-full wp-image-638\" alt=\"\" srcset=\"https:\/\/hdisys.eu\/wp-content\/uploads\/2025\/03\/1-01.png 13853w, https:\/\/hdisys.eu\/wp-content\/uploads\/2025\/03\/1-01-300x191.png 300w, https:\/\/hdisys.eu\/wp-content\/uploads\/2025\/03\/1-01-1024x651.png 1024w, https:\/\/hdisys.eu\/wp-content\/uploads\/2025\/03\/1-01-768x488.png 768w, https:\/\/hdisys.eu\/wp-content\/uploads\/2025\/03\/1-01-1536x976.png 1536w, https:\/\/hdisys.eu\/wp-content\/uploads\/2025\/03\/1-01-2048x1301.png 2048w, https:\/\/hdisys.eu\/wp-content\/uploads\/2025\/03\/1-01-18x12.png 18w\" sizes=\"(max-width: 13853px) 100vw, 13853px\" \/>\t\t\t\t\t\t\t\t\t\t\t\t\t\t\t<\/div>\n\t\t\t\t<\/div>\n\t\t\t\t<\/div>\n\t\t\t\t<\/div>\n\t\t<div class=\"elementor-element elementor-element-2210fddf e-con-full e-flex e-con e-parent\" data-id=\"2210fddf\" data-element_type=\"container\" data-e-type=\"container\">\n\t\t<div class=\"elementor-element elementor-element-476c327d e-con-full e-flex e-con e-child\" data-id=\"476c327d\" data-element_type=\"container\" data-e-type=\"container\" data-settings=\"{&quot;background_background&quot;:&quot;classic&quot;}\">\n\t\t\t\t<\/div>\n\t\t<div class=\"elementor-element elementor-element-419bc8ef e-con-full e-flex e-con e-child\" data-id=\"419bc8ef\" data-element_type=\"container\" data-e-type=\"container\">\n\t\t\t\t<div class=\"elementor-element elementor-element-38dabfd9 elementor-widget-divider--view-line elementor-invisible elementor-widget elementor-widget-divider\" data-id=\"38dabfd9\" data-element_type=\"widget\" data-e-type=\"widget\" data-settings=\"{&quot;_animation&quot;:&quot;slideInRight&quot;}\" data-widget_type=\"divider.default\">\n\t\t\t\t<div class=\"elementor-widget-container\">\n\t\t\t\t\t\t\t<div class=\"elementor-divider\">\n\t\t\t<span class=\"elementor-divider-separator\">\n\t\t\t\t\t\t<\/span>\n\t\t<\/div>\n\t\t\t\t\t\t<\/div>\n\t\t\t\t<\/div>\n\t\t\t\t<div class=\"elementor-element elementor-element-74123019 elementor-invisible elementor-widget elementor-widget-heading\" data-id=\"74123019\" data-element_type=\"widget\" data-e-type=\"widget\" data-settings=\"{&quot;_animation&quot;:&quot;fadeIn&quot;,&quot;_animation_delay&quot;:&quot;400&quot;}\" data-widget_type=\"heading.default\">\n\t\t\t\t<div class=\"elementor-widget-container\">\n\t\t\t\t\t<h3 class=\"elementor-heading-title elementor-size-default\">Co dal\u0161\u00edho m\u016f\u017eeme nab\u00eddnout?<\/h3>\t\t\t\t<\/div>\n\t\t\t\t<\/div>\n\t\t\t\t<div class=\"elementor-element elementor-element-30c1da47 elementor-widget elementor-widget-text-editor\" data-id=\"30c1da47\" data-element_type=\"widget\" data-e-type=\"widget\" data-widget_type=\"text-editor.default\">\n\t\t\t\t<div class=\"elementor-widget-container\">\n\t\t\t\t\t\t\t\t\t<p>Vladim\u00edr Matolin je spoluzakladatelem, partnerem a gener\u00e1ln\u00edm \u0159editelem nov\u00e9 spole\u010dnosti, kde vyu\u017eije sv\u00e9 rozs\u00e1hl\u00e9 zku\u0161enosti v oblasti vod\u00edkov\u00fdch technologi\u00ed. Krom\u011b toho HDISYS nab\u00edz\u00ed \u0161irokou \u0161k\u00e1lu slu\u017eeb pro p\u0159\u00edpravu projekt\u016f v oblasti v\u00fdroby vod\u00edku z obnoviteln\u00fdch zdroj\u016f.<\/p>\t\t\t\t\t\t\t\t<\/div>\n\t\t\t\t<\/div>\n\t\t\t\t<div class=\"elementor-element elementor-element-2a7ef688 elementor-widget elementor-widget-button\" data-id=\"2a7ef688\" data-element_type=\"widget\" data-e-type=\"widget\" data-widget_type=\"button.default\">\n\t\t\t\t<div class=\"elementor-widget-container\">\n\t\t\t\t\t\t\t\t\t<div class=\"elementor-button-wrapper\">\n\t\t\t\t\t<a class=\"elementor-button elementor-button-link elementor-size-sm\" href=\"https:\/\/hdisys.eu\/cs\/services\/\">\n\t\t\t\t\t\t<span class=\"elementor-button-content-wrapper\">\n\t\t\t\t\t\t\t\t\t<span class=\"elementor-button-text\">Pod\u00edvejte se<\/span>\n\t\t\t\t\t<\/span>\n\t\t\t\t\t<\/a>\n\t\t\t\t<\/div>\n\t\t\t\t\t\t\t\t<\/div>\n\t\t\t\t<\/div>\n\t\t\t\t<\/div>\n\t\t\t\t<\/div>\n\t\t\t\t<\/div>","protected":false},"excerpt":{"rendered":"<p>Hydrogen Container HDISYS develops 10\u00b4 240 kg intelligent HYDROGEN STORAGE CONTAINERS i-HSC240\u00ae Discover Container The logisticsof distribution The logistics of renewable hydrogen is indeed a challenge for the future of hydrogen energy. However, its production, storage, distribution, and transportation pose certain technical and economic challenges. There are various technologies for hydrogen storage, including pressure tanks, [&hellip;]<\/p>\n","protected":false},"author":1,"featured_media":0,"parent":0,"menu_order":0,"comment_status":"closed","ping_status":"closed","template":"elementor_header_footer","meta":{"footnotes":""},"class_list":["post-231","page","type-page","status-publish","hentry"],"_links":{"self":[{"href":"https:\/\/hdisys.eu\/cs\/wp-json\/wp\/v2\/pages\/231","targetHints":{"allow":["GET"]}}],"collection":[{"href":"https:\/\/hdisys.eu\/cs\/wp-json\/wp\/v2\/pages"}],"about":[{"href":"https:\/\/hdisys.eu\/cs\/wp-json\/wp\/v2\/types\/page"}],"author":[{"embeddable":true,"href":"https:\/\/hdisys.eu\/cs\/wp-json\/wp\/v2\/users\/1"}],"replies":[{"embeddable":true,"href":"https:\/\/hdisys.eu\/cs\/wp-json\/wp\/v2\/comments?post=231"}],"version-history":[{"count":47,"href":"https:\/\/hdisys.eu\/cs\/wp-json\/wp\/v2\/pages\/231\/revisions"}],"predecessor-version":[{"id":656,"href":"https:\/\/hdisys.eu\/cs\/wp-json\/wp\/v2\/pages\/231\/revisions\/656"}],"wp:attachment":[{"href":"https:\/\/hdisys.eu\/cs\/wp-json\/wp\/v2\/media?parent=231"}],"curies":[{"name":"wp","href":"https:\/\/api.w.org\/{rel}","templated":true}]}}