{"id":228,"date":"2023-11-07T02:15:11","date_gmt":"2023-11-07T02:15:11","guid":{"rendered":"https:\/\/hdisys.eu\/contact-us\/"},"modified":"2025-03-25T18:59:18","modified_gmt":"2025-03-25T18:59:18","slug":"contact-us","status":"publish","type":"page","link":"https:\/\/hdisys.eu\/cs\/contact-us\/","title":{"rendered":"Kontakt"},"content":{"rendered":"<div data-elementor-type=\"wp-page\" data-elementor-id=\"228\" class=\"elementor elementor-228\" data-elementor-post-type=\"page\">\n\t\t\t\t<div class=\"elementor-element elementor-element-233e5f75 e-con-full e-flex e-con e-parent\" data-id=\"233e5f75\" data-element_type=\"container\" data-e-type=\"container\">\n\t\t<div class=\"elementor-element elementor-element-23bab20f e-con-full e-flex e-con e-child\" data-id=\"23bab20f\" data-element_type=\"container\" data-e-type=\"container\">\n\t\t<div class=\"elementor-element elementor-element-40f5e34b e-con-full e-flex e-con e-child\" data-id=\"40f5e34b\" data-element_type=\"container\" data-e-type=\"container\">\n\t\t\t\t<div class=\"elementor-element elementor-element-2bf70c71 elementor-invisible elementor-widget elementor-widget-heading\" data-id=\"2bf70c71\" data-element_type=\"widget\" data-e-type=\"widget\" data-settings=\"{&quot;_animation&quot;:&quot;fadeIn&quot;}\" data-widget_type=\"heading.default\">\n\t\t\t\t<div class=\"elementor-widget-container\">\n\t\t\t\t\t<h1 class=\"elementor-heading-title elementor-size-default\">kontakt<\/h1>\t\t\t\t<\/div>\n\t\t\t\t<\/div>\n\t\t\t\t<div class=\"elementor-element elementor-element-62c4db elementor-widget-divider--view-line elementor-invisible elementor-widget elementor-widget-divider\" data-id=\"62c4db\" data-element_type=\"widget\" data-e-type=\"widget\" data-settings=\"{&quot;_animation&quot;:&quot;fadeIn&quot;,&quot;_animation_delay&quot;:&quot;200&quot;}\" data-widget_type=\"divider.default\">\n\t\t\t\t<div class=\"elementor-widget-container\">\n\t\t\t\t\t\t\t<div class=\"elementor-divider\">\n\t\t\t<span class=\"elementor-divider-separator\">\n\t\t\t\t\t\t<\/span>\n\t\t<\/div>\n\t\t\t\t\t\t<\/div>\n\t\t\t\t<\/div>\n\t\t\t\t<div class=\"elementor-element elementor-element-15d6e269 elementor-widget elementor-widget-text-editor\" data-id=\"15d6e269\" data-element_type=\"widget\" data-e-type=\"widget\" data-widget_type=\"text-editor.default\">\n\t\t\t\t<div class=\"elementor-widget-container\">\n\t\t\t\t\t\t\t\t\tPro v\u00edce informac\u00ed o na\u0161ich slu\u017eb\u00e1ch a bezplatnou cenovou nab\u00eddku n\u00e1s nev\u00e1hejte kontaktovat.\t\t\t\t\t\t\t\t<\/div>\n\t\t\t\t<\/div>\n\t\t\t\t<\/div>\n\t\t<div class=\"elementor-element elementor-element-70d6dfa1 e-con-full e-flex e-con e-child\" data-id=\"70d6dfa1\" data-element_type=\"container\" data-e-type=\"container\">\n\t\t\t\t<div class=\"elementor-element elementor-element-22bcb11c elementor-position-inline-start elementor-view-default elementor-mobile-position-block-start elementor-widget elementor-widget-icon-box\" data-id=\"22bcb11c\" data-element_type=\"widget\" data-e-type=\"widget\" data-widget_type=\"icon-box.default\">\n\t\t\t\t<div class=\"elementor-widget-container\">\n\t\t\t\t\t\t\t<div class=\"elementor-icon-box-wrapper\">\n\n\t\t\t\t\t\t<div class=\"elementor-icon-box-icon\">\n\t\t\t\t<span  class=\"elementor-icon\">\n\t\t\t\t<svg xmlns=\"http:\/\/www.w3.org\/2000\/svg\" id=\"f7651d76-ee00-4083-9c64-2796abaebea1\" data-name=\"Layer 1\" width=\"45\" height=\"34.6149\" viewbox=\"0 0 45 34.6149\"><path d=\"M1,.7692V35.3841H46V.7692Zm43.06.9575L23.5,16.3357,2.9391,1.7267Zm-42.1029,32.7V2.2038L23.5,17.51,45.0425,2.2042V34.4266Z\" transform=\"translate(-1 -0.7692)\"><\/path><rect x=\"4.6152\" y=\"24.3289\" width=\"10.9615\" height=\"0.9575\"><\/rect><rect x=\"4.6152\" y=\"28.3672\" width=\"5.7695\" height=\"0.9574\"><\/rect><\/svg>\t\t\t\t<\/span>\n\t\t\t<\/div>\n\t\t\t\n\t\t\t\t\t\t<div class=\"elementor-icon-box-content\">\n\n\t\t\t\t\t\t\t\t\t<h4 class=\"elementor-icon-box-title\">\n\t\t\t\t\t\t<span  >\n\t\t\t\t\t\t\tKontaktn\u00ed informace\t\t\t\t\t\t<\/span>\n\t\t\t\t\t<\/h4>\n\t\t\t\t\n\t\t\t\t\t\t\t\t\t<p class=\"elementor-icon-box-description\">\n\t\t\t\t\t\tmatolin@hdisys.eu\t\t\t\t\t<\/p>\n\t\t\t\t\n\t\t\t<\/div>\n\t\t\t\n\t\t<\/div>\n\t\t\t\t\t\t<\/div>\n\t\t\t\t<\/div>\n\t\t\t\t<div class=\"elementor-element elementor-element-5dc80c11 elementor-position-inline-start elementor-view-default elementor-mobile-position-block-start elementor-widget elementor-widget-icon-box\" data-id=\"5dc80c11\" data-element_type=\"widget\" data-e-type=\"widget\" data-widget_type=\"icon-box.default\">\n\t\t\t\t<div class=\"elementor-widget-container\">\n\t\t\t\t\t\t\t<div class=\"elementor-icon-box-wrapper\">\n\n\t\t\t\t\t\t<div class=\"elementor-icon-box-icon\">\n\t\t\t\t<span  class=\"elementor-icon\">\n\t\t\t\t<svg xmlns=\"http:\/\/www.w3.org\/2000\/svg\" id=\"f4c81fb4-425f-4ac6-9e17-c0fe23bc1ab5\" data-name=\"Layer 1\" width=\"28.8462\" height=\"45\" viewbox=\"0 0 28.8462 45\"><path d=\"M22.7115,32.9362a90.8161,90.8161,0,0,0,4.96-9.147c1.4982-3.2848,2.2519-5.8716,2.2519-7.6861a14.4231,14.4231,0,0,0-28.8462,0c0,1.8145.7537,4.4013,2.2519,7.6861a90.8161,90.8161,0,0,0,4.96,9.147c1.861,3.0614,3.722,5.853,4.96,7.6489.093.14.1861.27.27.4a17.4648,17.4648,0,0,0-4.1408.7724,6.3447,6.3447,0,0,0-1.8518.9118,1.2729,1.2729,0,0,0,0,2.2519,6.1185,6.1185,0,0,0,1.8518.9119A20.0544,20.0544,0,0,0,15.5,46.68a20.0544,20.0544,0,0,0,6.1228-.8468,6.1185,6.1185,0,0,0,1.8518-.9119,1.2729,1.2729,0,0,0,0-2.2519,6.3447,6.3447,0,0,0-1.8518-.9118,17.5478,17.5478,0,0,0-4.15-.7724c.093-.13.1861-.2605.2791-.4C18.99,38.7892,20.8505,35.9976,22.7115,32.9362Zm-1.3864,9.7054a5.2549,5.2549,0,0,1,1.5726.763c.27.2047.3256.3535.3256.3908s-.0558.1861-.3256.3908a5.3739,5.3739,0,0,1-1.5726.763,18.9786,18.9786,0,0,1-5.8251.8,18.9786,18.9786,0,0,1-5.8251-.8,5.3739,5.3739,0,0,1-1.5726-.763c-.27-.2047-.3256-.3536-.3256-.3908s.0558-.1861.3256-.3908a5.2549,5.2549,0,0,1,1.5726-.763,17.46,17.46,0,0,1,4.4665-.7631c.2792.4095.53.7631.7352,1.0515l.6234.8654.6234-.8654c.2048-.2884.4467-.642.7352-1.0515A17.46,17.46,0,0,1,21.3251,42.6416ZM16.9888,40.064c-.2047.3071-.4094.5862-.5955.8561-.2326.3443-.456.6513-.6514.9212-.0837.13-.1674.2419-.2419.3536-.0745-.1117-.1582-.2233-.2419-.3536-.1954-.27-.4188-.5769-.6514-.9212-.1861-.27-.3908-.549-.5955-.8561-1.2283-1.7959-3.08-4.5688-4.9318-7.6117a90.6281,90.6281,0,0,1-4.9038-9.0447c-1.4423-3.1637-2.1682-5.62-2.1682-7.3045a13.4926,13.4926,0,1,1,26.9852,0c0,1.6842-.7259,4.1408-2.1682,7.3045a89.7474,89.7474,0,0,1-4.9038,9.0447C20.0688,35.4952,18.2171,38.2681,16.9888,40.064Z\" transform=\"translate(-1.0769 -1.68)\"><\/path><path d=\"M15.5,8.6031a5.7693,5.7693,0,1,0,5.7692,5.7692A5.7741,5.7741,0,0,0,15.5,8.6031Zm0,10.6079a4.8387,4.8387,0,1,1,4.8387-4.8387A4.8409,4.8409,0,0,1,15.5,19.211Z\" transform=\"translate(-1.0769 -1.68)\"><\/path><\/svg>\t\t\t\t<\/span>\n\t\t\t<\/div>\n\t\t\t\n\t\t\t\t\t\t<div class=\"elementor-icon-box-content\">\n\n\t\t\t\t\t\t\t\t\t<h4 class=\"elementor-icon-box-title\">\n\t\t\t\t\t\t<span  >\n\t\t\t\t\t\t\tadresa\t\t\t\t\t\t<\/span>\n\t\t\t\t\t<\/h4>\n\t\t\t\t\n\t\t\t\t\t\t\t\t\t<p class=\"elementor-icon-box-description\">\n\t\t\t\t\t\tHDISYS s.r.o.<br>Na Drah\u00e1ch 728<br>\n686 04 Kunovice <br>\u010cesk\u00e1 Republika\n\t\t\t\t\t<\/p>\n\t\t\t\t\n\t\t\t<\/div>\n\t\t\t\n\t\t<\/div>\n\t\t\t\t\t\t<\/div>\n\t\t\t\t<\/div>\n\t\t\t\t<\/div>\n\t\t\t\t<\/div>\n\t\t<div class=\"elementor-element elementor-element-306fc360 e-con-full e-flex elementor-invisible e-con e-child\" data-id=\"306fc360\" data-element_type=\"container\" data-e-type=\"container\" data-settings=\"{&quot;background_background&quot;:&quot;classic&quot;,&quot;animation&quot;:&quot;slideInRight&quot;}\">\n\t\t\t\t<\/div>\n\t\t\t\t<\/div>\n\t\t\t\t<\/div>","protected":false},"excerpt":{"rendered":"<p>contact For more information on our services and a free quotation, feel free to contact us. Contact Info matolin@hdisys.eu address HDISYS s.r.o.Na Drah\u00e1ch 728 686 04 Kunovice \u010cesk\u00e1 Republika<\/p>","protected":false},"author":1,"featured_media":0,"parent":0,"menu_order":0,"comment_status":"closed","ping_status":"closed","template":"elementor_header_footer","meta":{"footnotes":""},"class_list":["post-228","page","type-page","status-publish","hentry"],"_links":{"self":[{"href":"https:\/\/hdisys.eu\/cs\/wp-json\/wp\/v2\/pages\/228","targetHints":{"allow":["GET"]}}],"collection":[{"href":"https:\/\/hdisys.eu\/cs\/wp-json\/wp\/v2\/pages"}],"about":[{"href":"https:\/\/hdisys.eu\/cs\/wp-json\/wp\/v2\/types\/page"}],"author":[{"embeddable":true,"href":"https:\/\/hdisys.eu\/cs\/wp-json\/wp\/v2\/users\/1"}],"replies":[{"embeddable":true,"href":"https:\/\/hdisys.eu\/cs\/wp-json\/wp\/v2\/comments?post=228"}],"version-history":[{"count":34,"href":"https:\/\/hdisys.eu\/cs\/wp-json\/wp\/v2\/pages\/228\/revisions"}],"predecessor-version":[{"id":662,"href":"https:\/\/hdisys.eu\/cs\/wp-json\/wp\/v2\/pages\/228\/revisions\/662"}],"wp:attachment":[{"href":"https:\/\/hdisys.eu\/cs\/wp-json\/wp\/v2\/media?parent=228"}],"curies":[{"name":"wp","href":"https:\/\/api.w.org\/{rel}","templated":true}]}}